{"id":7,"date":"2008-02-14T16:04:19","date_gmt":"2008-02-14T15:04:19","guid":{"rendered":"http:\/\/www.seppotage.de\/blog\/?page_id=7"},"modified":"2020-05-03T19:56:40","modified_gmt":"2020-05-03T19:56:40","slug":"kontakt-impressum","status":"publish","type":"page","link":"http:\/\/blog.seppotage.com\/?page_id=7","title":{"rendered":"Kontakt &#038; Impressum"},"content":{"rendered":"<p><strong>Kontaktperson<\/strong><\/p>\n<p>Sebastian Klein<br \/>\nAlte Wallgasse 2<br \/>\n50672 K\u00f6ln<\/p>\n<p>Telefon: +49 221\/ 258 84 61<\/p>\n<p>E-Mail: <a href=\"mailto:info@seppotage.de\">info@seppotage.de<\/a><\/p>\n<p><strong>Haftungshinweis:<\/strong> Trotz sorgf\u00e4ltiger inhaltlicher Kontrolle \u00fcbernehme ich keine Haftung f\u00fcr die Inhalte externer Links. F\u00fcr den Inhalt der verlinkten Seiten sind ausschlie\u00dflich deren Betreiber verantwortlich.<\/p>\n<p>Alle auf dieser Seite gezeigten Fotos unterliegen dem Copyright und d\u00fcrfen nicht ohne Genehmigung f\u00fcr andere Zwecke verwendet werden.<\/p>\n<p><strong>Gestaltung und Umsetzung<\/strong><\/p>\n<p><a title=\"zooi\" href=\"http:\/\/www.zooi.de\" target=\"_blank\" rel=\"noopener noreferrer\">studio zooi<\/a>, Februar 2008. Diese Seite l\u00e4uft mit <a title=\"wordpress\" href=\"http:\/\/wordpress.com\" target=\"_blank\" rel=\"noopener noreferrer\">WordPress<\/a>.<\/p>\n","protected":false},"excerpt":{"rendered":"<p>Kontaktperson Sebastian Klein Alte Wallgasse 2 50672 K\u00f6ln Telefon: +49 221\/ 258 84 61 E-Mail: info@seppotage.de Haftungshinweis: Trotz sorgf\u00e4ltiger inhaltlicher Kontrolle \u00fcbernehme ich keine Haftung f\u00fcr die Inhalte externer Links. F\u00fcr den Inhalt der verlinkten Seiten sind ausschlie\u00dflich deren Betreiber verantwortlich. Alle auf dieser Seite gezeigten Fotos unterliegen dem Copyright und d\u00fcrfen nicht ohne Genehmigung [&hellip;]<\/p>\n","protected":false},"author":2,"featured_media":0,"parent":0,"menu_order":2,"comment_status":"open","ping_status":"open","template":"","meta":{"ngg_post_thumbnail":0},"_links":{"self":[{"href":"http:\/\/blog.seppotage.com\/index.php?rest_route=\/wp\/v2\/pages\/7"}],"collection":[{"href":"http:\/\/blog.seppotage.com\/index.php?rest_route=\/wp\/v2\/pages"}],"about":[{"href":"http:\/\/blog.seppotage.com\/index.php?rest_route=\/wp\/v2\/types\/page"}],"author":[{"embeddable":true,"href":"http:\/\/blog.seppotage.com\/index.php?rest_route=\/wp\/v2\/users\/2"}],"replies":[{"embeddable":true,"href":"http:\/\/blog.seppotage.com\/index.php?rest_route=%2Fwp%2Fv2%2Fcomments&post=7"}],"version-history":[{"count":1,"href":"http:\/\/blog.seppotage.com\/index.php?rest_route=\/wp\/v2\/pages\/7\/revisions"}],"predecessor-version":[{"id":204,"href":"http:\/\/blog.seppotage.com\/index.php?rest_route=\/wp\/v2\/pages\/7\/revisions\/204"}],"wp:attachment":[{"href":"http:\/\/blog.seppotage.com\/index.php?rest_route=%2Fwp%2Fv2%2Fmedia&parent=7"}],"curies":[{"name":"wp","href":"https:\/\/api.w.org\/{rel}","templated":true}]}}